{"id":6441,"date":"2024-08-28T09:42:18","date_gmt":"2024-08-28T09:42:18","guid":{"rendered":"https:\/\/carporty.pl\/?post_type=product&#038;p=6441"},"modified":"2024-08-28T09:42:18","modified_gmt":"2024-08-28T09:42:18","slug":"wiata-samochodowa-z-metalu-arb","status":"publish","type":"product","link":"https:\/\/carporty.pl\/index.php\/product\/wiata-samochodowa-z-metalu-arb\/","title":{"rendered":"Wiata samochodowa z metalu ARB"},"content":{"rendered":"<p>Wiata ARB jest w pe\u0142ni konfigurowalna i mo\u017ce by\u0107 wyprodukowana na zam\u00f3wienie. Poza szeregiem standardowych wymiar\u00f3w, istnieje mo\u017cliwo\u015b\u0107 wykonania wiaty na nietypowy wymiar i wg specyfikacji wymiarowej klienta.<\/p>\n<p>&nbsp;<\/p>\n<p>Opr\u00f3cz wymiar\u00f3w elastyczna konfigurowalno\u015b\u0107 wiaty dotyczy zagadnie\u0144:<\/p>\n<ul>\n<li>Mo\u017cliwo\u015b\u0107 dodania zaplecza magazynowego w dowolnej cz\u0119\u015bci wiaty<\/li>\n<li>Ustalenie typu drzwi do zaplecza (drzwi uchylne jedno i dwuskrzyd\u0142owe, symetryczne lub symetryczne, drzwi przesuwne)<\/li>\n<li>Zmiana standardowej wysoko\u015bci wiaty np. pod kampery lub przyczepy kempingowe lub auta z baga\u017cnikami dachowymi czy auta dostawcze<\/li>\n<li>Konfiguracja \u015bcianek zabudowy nie tylko pod wzgl\u0119dem materia\u0142\u00f3w ale tak\u017ce wysoko\u015bci \u015bcianek oraz ich uk\u0142adu<\/li>\n<li>Zmiana lokalizacji odwodnienia (zmiana lokalizacji odwodnienia mo\u017ce mie\u0107 pewne ograniczenia wynikaj\u0105ce ze spadku dachu, ale przy zachowaniu spadku dachu, w wi\u0119kszo\u015bci przypadk\u00f3w istnieje mo\u017cliwo\u015b\u0107 wybrania s\u0142upa kt\u00f3rym woda b\u0119dzie odprowadzana<\/li>\n<li>Odwodnienie zintegrowane wewn\u0105trz s\u0142up\u00f3w lub opcjonalnie zewn\u0119trzna rura spustowa o uzgodnionej \u015brednicy z mo\u017cliwo\u015bci\u0105 opcjonalnego pod\u0142\u0105czenia do istniej\u0105cego systemu rur odwadniaj\u0105cych na dzia\u0142ce<\/li>\n<\/ul>\n","protected":false},"excerpt":{"rendered":"<p>Nowoczesna wiata samochodowa ARB<\/p>\n","protected":false},"featured_media":5197,"comment_status":"open","ping_status":"closed","template":"","meta":[],"product_cat":[15],"product_tag":[],"class_list":{"0":"post-6441","1":"product","2":"type-product","3":"status-publish","4":"has-post-thumbnail","6":"product_cat-uncategorized","8":"first","9":"instock","10":"sale","11":"shipping-taxable","12":"purchasable","13":"product-type-simple"},"yoast_head":"<!-- This site is optimized with the Yoast SEO plugin v23.3 - https:\/\/yoast.com\/wordpress\/plugins\/seo\/ -->\n<title>Wiata samochodowa z metalu ARB - Wiaty samochodowe, wiaty gara\u017cowe, zadaszenia, carporty<\/title>\n<meta name=\"robots\" content=\"index, follow, max-snippet:-1, max-image-preview:large, max-video-preview:-1\" \/>\n<link rel=\"canonical\" href=\"https:\/\/carporty.pl\/index.php\/product\/wiata-samochodowa-z-metalu-arb\/\" \/>\n<meta property=\"og:locale\" content=\"pl_PL\" \/>\n<meta property=\"og:type\" content=\"article\" \/>\n<meta property=\"og:title\" content=\"Wiata samochodowa z metalu ARB - Wiaty samochodowe, wiaty gara\u017cowe, zadaszenia, carporty\" \/>\n<meta property=\"og:description\" content=\"Nowoczesna wiata samochodowa ARB\" \/>\n<meta property=\"og:url\" content=\"https:\/\/carporty.pl\/index.php\/product\/wiata-samochodowa-z-metalu-arb\/\" \/>\n<meta property=\"og:site_name\" content=\"Wiaty samochodowe, wiaty gara\u017cowe, zadaszenia, carporty\" \/>\n<meta property=\"article:publisher\" content=\"https:\/\/www.facebook.com\/carportypl\/\" \/>\n<meta property=\"og:image\" content=\"https:\/\/carporty.pl\/wp-content\/uploads\/2024\/04\/wiaty-samochodowe-2.jpeg?v=1715545487\" \/>\n\t<meta property=\"og:image:width\" content=\"1080\" \/>\n\t<meta property=\"og:image:height\" content=\"1080\" \/>\n\t<meta property=\"og:image:type\" content=\"image\/jpeg\" \/>\n<meta name=\"twitter:card\" content=\"summary_large_image\" \/>\n<meta name=\"twitter:label1\" content=\"Szacowany czas czytania\" \/>\n\t<meta name=\"twitter:data1\" content=\"2 minuty\" \/>\n<script type=\"application\/ld+json\" class=\"yoast-schema-graph\">{\"@context\":\"https:\/\/schema.org\",\"@graph\":[{\"@type\":\"WebPage\",\"@id\":\"https:\/\/carporty.pl\/index.php\/product\/wiata-samochodowa-z-metalu-arb\/\",\"url\":\"https:\/\/carporty.pl\/index.php\/product\/wiata-samochodowa-z-metalu-arb\/\",\"name\":\"Wiata samochodowa z metalu ARB - Wiaty samochodowe, wiaty gara\u017cowe, zadaszenia, carporty\",\"isPartOf\":{\"@id\":\"https:\/\/carporty.pl\/#website\"},\"primaryImageOfPage\":{\"@id\":\"https:\/\/carporty.pl\/index.php\/product\/wiata-samochodowa-z-metalu-arb\/#primaryimage\"},\"image\":{\"@id\":\"https:\/\/carporty.pl\/index.php\/product\/wiata-samochodowa-z-metalu-arb\/#primaryimage\"},\"thumbnailUrl\":\"https:\/\/carporty.pl\/wp-content\/uploads\/2024\/04\/wiaty-samochodowe-2.jpeg?v=1715545487\",\"datePublished\":\"2024-08-28T09:42:18+00:00\",\"dateModified\":\"2024-08-28T09:42:18+00:00\",\"breadcrumb\":{\"@id\":\"https:\/\/carporty.pl\/index.php\/product\/wiata-samochodowa-z-metalu-arb\/#breadcrumb\"},\"inLanguage\":\"pl-PL\",\"potentialAction\":[{\"@type\":\"ReadAction\",\"target\":[\"https:\/\/carporty.pl\/index.php\/product\/wiata-samochodowa-z-metalu-arb\/\"]}]},{\"@type\":\"ImageObject\",\"inLanguage\":\"pl-PL\",\"@id\":\"https:\/\/carporty.pl\/index.php\/product\/wiata-samochodowa-z-metalu-arb\/#primaryimage\",\"url\":\"https:\/\/carporty.pl\/wp-content\/uploads\/2024\/04\/wiaty-samochodowe-2.jpeg?v=1715545487\",\"contentUrl\":\"https:\/\/carporty.pl\/wp-content\/uploads\/2024\/04\/wiaty-samochodowe-2.jpeg?v=1715545487\",\"width\":1080,\"height\":1080},{\"@type\":\"BreadcrumbList\",\"@id\":\"https:\/\/carporty.pl\/index.php\/product\/wiata-samochodowa-z-metalu-arb\/#breadcrumb\",\"itemListElement\":[{\"@type\":\"ListItem\",\"position\":1,\"name\":\"Strona g\u0142\u00f3wna\",\"item\":\"https:\/\/carporty.pl\/\"},{\"@type\":\"ListItem\",\"position\":2,\"name\":\"Shop\",\"item\":\"https:\/\/carporty.pl\/index.php\/shop\/\"},{\"@type\":\"ListItem\",\"position\":3,\"name\":\"Wiata samochodowa z metalu ARB\"}]},{\"@type\":\"WebSite\",\"@id\":\"https:\/\/carporty.pl\/#website\",\"url\":\"https:\/\/carporty.pl\/\",\"name\":\"Wiaty samochodowe, wiaty gara\u017cowe, zadaszenia, carporty\",\"description\":\"Carporty producent SAWO wykonuje wiaty wielofunkcyjne na ka\u017cdy wymiar. Zadaszenia samochodowe maj\u0105 nowoczesny design i dopasowywane s\u0105 do architektury otoczenia i wygl\u0105du domu, wiaty dost\u0119pne s\u0105 w wielu formach i kszta\u0142tach.\",\"publisher\":{\"@id\":\"https:\/\/carporty.pl\/#organization\"},\"potentialAction\":[{\"@type\":\"SearchAction\",\"target\":{\"@type\":\"EntryPoint\",\"urlTemplate\":\"https:\/\/carporty.pl\/?s={search_term_string}\"},\"query-input\":\"required name=search_term_string\"}],\"inLanguage\":\"pl-PL\"},{\"@type\":\"Organization\",\"@id\":\"https:\/\/carporty.pl\/#organization\",\"name\":\"Wiaty samochodowe, zadaszenia gara\u017cowe, carporty\",\"url\":\"https:\/\/carporty.pl\/\",\"logo\":{\"@type\":\"ImageObject\",\"inLanguage\":\"pl-PL\",\"@id\":\"https:\/\/carporty.pl\/#\/schema\/logo\/image\/\",\"url\":\"https:\/\/carporty.pl\/wp-content\/uploads\/2024\/04\/logo-carporty-od-1985.png\",\"contentUrl\":\"https:\/\/carporty.pl\/wp-content\/uploads\/2024\/04\/logo-carporty-od-1985.png\",\"width\":395,\"height\":107,\"caption\":\"Wiaty samochodowe, zadaszenia gara\u017cowe, carporty\"},\"image\":{\"@id\":\"https:\/\/carporty.pl\/#\/schema\/logo\/image\/\"},\"sameAs\":[\"https:\/\/www.facebook.com\/carportypl\/\",\"https:\/\/www.instagram.com\/carporty.pl\/\"]}]}<\/script>\n<!-- \/ Yoast SEO plugin. -->","yoast_head_json":{"title":"Wiata samochodowa z metalu ARB - Wiaty samochodowe, wiaty gara\u017cowe, zadaszenia, carporty","robots":{"index":"index","follow":"follow","max-snippet":"max-snippet:-1","max-image-preview":"max-image-preview:large","max-video-preview":"max-video-preview:-1"},"canonical":"https:\/\/carporty.pl\/index.php\/product\/wiata-samochodowa-z-metalu-arb\/","og_locale":"pl_PL","og_type":"article","og_title":"Wiata samochodowa z metalu ARB - Wiaty samochodowe, wiaty gara\u017cowe, zadaszenia, carporty","og_description":"Nowoczesna wiata samochodowa ARB","og_url":"https:\/\/carporty.pl\/index.php\/product\/wiata-samochodowa-z-metalu-arb\/","og_site_name":"Wiaty samochodowe, wiaty gara\u017cowe, zadaszenia, carporty","article_publisher":"https:\/\/www.facebook.com\/carportypl\/","og_image":[{"width":1080,"height":1080,"url":"https:\/\/carporty.pl\/wp-content\/uploads\/2024\/04\/wiaty-samochodowe-2.jpeg?v=1715545487","type":"image\/jpeg"}],"twitter_card":"summary_large_image","twitter_misc":{"Szacowany czas czytania":"2 minuty"},"schema":{"@context":"https:\/\/schema.org","@graph":[{"@type":"WebPage","@id":"https:\/\/carporty.pl\/index.php\/product\/wiata-samochodowa-z-metalu-arb\/","url":"https:\/\/carporty.pl\/index.php\/product\/wiata-samochodowa-z-metalu-arb\/","name":"Wiata samochodowa z metalu ARB - Wiaty samochodowe, wiaty gara\u017cowe, zadaszenia, carporty","isPartOf":{"@id":"https:\/\/carporty.pl\/#website"},"primaryImageOfPage":{"@id":"https:\/\/carporty.pl\/index.php\/product\/wiata-samochodowa-z-metalu-arb\/#primaryimage"},"image":{"@id":"https:\/\/carporty.pl\/index.php\/product\/wiata-samochodowa-z-metalu-arb\/#primaryimage"},"thumbnailUrl":"https:\/\/carporty.pl\/wp-content\/uploads\/2024\/04\/wiaty-samochodowe-2.jpeg?v=1715545487","datePublished":"2024-08-28T09:42:18+00:00","dateModified":"2024-08-28T09:42:18+00:00","breadcrumb":{"@id":"https:\/\/carporty.pl\/index.php\/product\/wiata-samochodowa-z-metalu-arb\/#breadcrumb"},"inLanguage":"pl-PL","potentialAction":[{"@type":"ReadAction","target":["https:\/\/carporty.pl\/index.php\/product\/wiata-samochodowa-z-metalu-arb\/"]}]},{"@type":"ImageObject","inLanguage":"pl-PL","@id":"https:\/\/carporty.pl\/index.php\/product\/wiata-samochodowa-z-metalu-arb\/#primaryimage","url":"https:\/\/carporty.pl\/wp-content\/uploads\/2024\/04\/wiaty-samochodowe-2.jpeg?v=1715545487","contentUrl":"https:\/\/carporty.pl\/wp-content\/uploads\/2024\/04\/wiaty-samochodowe-2.jpeg?v=1715545487","width":1080,"height":1080},{"@type":"BreadcrumbList","@id":"https:\/\/carporty.pl\/index.php\/product\/wiata-samochodowa-z-metalu-arb\/#breadcrumb","itemListElement":[{"@type":"ListItem","position":1,"name":"Strona g\u0142\u00f3wna","item":"https:\/\/carporty.pl\/"},{"@type":"ListItem","position":2,"name":"Shop","item":"https:\/\/carporty.pl\/index.php\/shop\/"},{"@type":"ListItem","position":3,"name":"Wiata samochodowa z metalu ARB"}]},{"@type":"WebSite","@id":"https:\/\/carporty.pl\/#website","url":"https:\/\/carporty.pl\/","name":"Wiaty samochodowe, wiaty gara\u017cowe, zadaszenia, carporty","description":"Carporty producent SAWO wykonuje wiaty wielofunkcyjne na ka\u017cdy wymiar. Zadaszenia samochodowe maj\u0105 nowoczesny design i dopasowywane s\u0105 do architektury otoczenia i wygl\u0105du domu, wiaty dost\u0119pne s\u0105 w wielu formach i kszta\u0142tach.","publisher":{"@id":"https:\/\/carporty.pl\/#organization"},"potentialAction":[{"@type":"SearchAction","target":{"@type":"EntryPoint","urlTemplate":"https:\/\/carporty.pl\/?s={search_term_string}"},"query-input":"required name=search_term_string"}],"inLanguage":"pl-PL"},{"@type":"Organization","@id":"https:\/\/carporty.pl\/#organization","name":"Wiaty samochodowe, zadaszenia gara\u017cowe, carporty","url":"https:\/\/carporty.pl\/","logo":{"@type":"ImageObject","inLanguage":"pl-PL","@id":"https:\/\/carporty.pl\/#\/schema\/logo\/image\/","url":"https:\/\/carporty.pl\/wp-content\/uploads\/2024\/04\/logo-carporty-od-1985.png","contentUrl":"https:\/\/carporty.pl\/wp-content\/uploads\/2024\/04\/logo-carporty-od-1985.png","width":395,"height":107,"caption":"Wiaty samochodowe, zadaszenia gara\u017cowe, carporty"},"image":{"@id":"https:\/\/carporty.pl\/#\/schema\/logo\/image\/"},"sameAs":["https:\/\/www.facebook.com\/carportypl\/","https:\/\/www.instagram.com\/carporty.pl\/"]}]}},"_links":{"self":[{"href":"https:\/\/carporty.pl\/index.php\/wp-json\/wp\/v2\/product\/6441"}],"collection":[{"href":"https:\/\/carporty.pl\/index.php\/wp-json\/wp\/v2\/product"}],"about":[{"href":"https:\/\/carporty.pl\/index.php\/wp-json\/wp\/v2\/types\/product"}],"replies":[{"embeddable":true,"href":"https:\/\/carporty.pl\/index.php\/wp-json\/wp\/v2\/comments?post=6441"}],"wp:featuredmedia":[{"embeddable":true,"href":"https:\/\/carporty.pl\/index.php\/wp-json\/wp\/v2\/media\/5197"}],"wp:attachment":[{"href":"https:\/\/carporty.pl\/index.php\/wp-json\/wp\/v2\/media?parent=6441"}],"wp:term":[{"taxonomy":"product_cat","embeddable":true,"href":"https:\/\/carporty.pl\/index.php\/wp-json\/wp\/v2\/product_cat?post=6441"},{"taxonomy":"product_tag","embeddable":true,"href":"https:\/\/carporty.pl\/index.php\/wp-json\/wp\/v2\/product_tag?post=6441"}],"curies":[{"name":"wp","href":"https:\/\/api.w.org\/{rel}","templated":true}]}}